{"id":212,"date":"2022-07-15T10:25:45","date_gmt":"2022-07-15T10:25:45","guid":{"rendered":"https:\/\/chancmcasino.com\/politica-de-confidencialidad\/"},"modified":"2022-10-06T14:30:48","modified_gmt":"2022-10-06T14:30:48","slug":"politica-de-confidencialidad","status":"publish","type":"page","link":"https:\/\/chancmcasino.com\/es\/politica-de-confidencialidad\/","title":{"rendered":"pol\u00edtica de confidencialidad"},"content":{"rendered":"\n<p>Esta pol\u00edtica de privacidad (\u00abPol\u00edtica de privacidad\u00bb) se aplica a toda la informaci\u00f3n que <a href=\"https:\/\/chancmcasino.com\/es\/\" data-type=\"page\" data-id=\"10\">Machance Casino<\/a> , (\u00absitio web\u00bb), que se encuentra bajo el nombre de dominio chancmcasino.com (y sus subdominios), puede recopilar de su tema cuando utiliza chancmcasino.com sitio web (y sus subdominios), programas y productos.<\/p>\n\n<h2>Definici\u00f3n de t\u00e9rminos<\/h2>\n\n<p>1.1 Los siguientes t\u00e9rminos se utilizan en esta Pol\u00edtica de privacidad:<\/p>\n\n<p>1.1.1. \u00abAdministraci\u00f3n del sitio\u00bb (en lo sucesivo, \u00abAdministraci\u00f3n\u00bb) significa los empleados autorizados para la administraci\u00f3n del sitio de Machance Casino que organizan y\/o llevan a cabo el procesamiento de datos personales, as\u00ed como tambi\u00e9n determinan los prop\u00f3sitos del procesamiento de datos personales. , la composici\u00f3n de los datos personales a tratar, las acciones (operaciones) realizadas con los datos personales.<\/p>\n\n<p>1.1.2 \u00abDatos personales\u00bb: cualquier informaci\u00f3n relacionada directa o indirectamente con un individuo identificado o definido (sujeto de datos).<\/p>\n\n<p>1.1.3 \u00abProcesamiento de datos personales\u00bb &#8211; cualquier acci\u00f3n (operaci\u00f3n) o conjunto de acciones (operaciones), realizadas con o sin el uso de automatizaci\u00f3n con datos personales, incluida la recopilaci\u00f3n, registro, sistematizaci\u00f3n, acumulaci\u00f3n, almacenamiento, aclaraci\u00f3n (actualizaci\u00f3n, modificaci\u00f3n), extracci\u00f3n, uso, transferencia (distribuci\u00f3n, puesta a disposici\u00f3n, acceso), anonimizaci\u00f3n, bloqueo, borrado, destrucci\u00f3n de datos personales.<\/p>\n\n<p>1.1.4 \u00abConfidencialidad de los datos personales\u00bb &#8211; obligaci\u00f3n del operador o de cualquier otra persona que tenga acceso a los datos personales de impedir su difusi\u00f3n sin el consentimiento del sujeto de los datos personales o la disponibilidad de otros motivos legales.<\/p>\n\n<p>1.1.5. \u00abSitio web de Machance Casino\u00bb significa todas las p\u00e1ginas web interconectadas ubicadas en Internet en la direcci\u00f3n \u00fanica (URL): chancmcasino.com y sus subdominios.<\/p>\n\n<p>1.1.6. \u00absubdominios\u00bb son las p\u00e1ginas o conjunto de p\u00e1ginas ubicadas en dominios de tercer nivel pertenecientes al sitio web de Machance Casino, as\u00ed como otras p\u00e1ginas temporales con detalles de contacto de la administraci\u00f3n en la parte inferior de la p\u00e1gina.<\/p>\n\n<p>1.1.5 \u00abUsuario del sitio web de Machance Casino\u00bb (el \u00abUsuario\u00bb) significa una persona que accede al sitio web de Machance Casino a trav\u00e9s de Internet y utiliza la informaci\u00f3n, los materiales y los productos del sitio web de Machance Casino.<\/p>\n\n<p>1.1.7 \u00abCookies\u00bb se refiere a una peque\u00f1a porci\u00f3n de datos enviada por un servidor web y almacenada en la computadora de un usuario, que un cliente web o navegador web env\u00eda a un servidor web cada vez que se env\u00eda una solicitud web al intentar abrir una p\u00e1gina de el sitio web respectivo.<\/p>\n\n<p>1.1.8 \u00abDirecci\u00f3n IP\u00bb es una direcci\u00f3n de red \u00fanica de un nodo en una red inform\u00e1tica, a trav\u00e9s de la cual el usuario accede a un sitio web.<\/p>\n\n<h2>disposiciones generales<\/h2>\n\n<p>2.1 El uso del sitio de Machance Casino por parte del usuario implica el consentimiento a esta pol\u00edtica de privacidad ya las condiciones para el procesamiento de los datos personales del usuario.<\/p>\n\n<p>2.2 Si el Usuario no est\u00e1 de acuerdo con los t\u00e9rminos de esta Pol\u00edtica de privacidad, debe dejar de usar el sitio web de Machance Casino.<\/p>\n\n<p>2.3 Esta Pol\u00edtica de privacidad se aplica al sitio web de Machance Casino.<\/p>\n\n<p>2.4 La administraci\u00f3n no verifica la exactitud de los datos personales proporcionados por el usuario.<\/p>\n\n<h2>Prop\u00f3sito de la Pol\u00edtica de Privacidad<\/h2>\n\n<p>3.1 Esta Pol\u00edtica de Privacidad establece las obligaciones de la Administraci\u00f3n de no divulgar y garantizar la confidencialidad de la informaci\u00f3n personal que el Usuario proporcione a solicitud de la Administraci\u00f3n al registrarse en Machance Casino o al suscribirse a un bolet\u00edn electr\u00f3nico.<\/p>\n\n<p>3.2 La informaci\u00f3n personal que se nos permite procesar bajo esta Pol\u00edtica de Privacidad es proporcionada por el Usuario al completar formularios en el sitio web de Machance Casino e incluye la siguiente informaci\u00f3n<br\/>3.2.1. apellido, nombre, patron\u00edmico del usuario;<br\/>3.2.2. el n\u00famero de tel\u00e9fono del usuario;<br\/>3.2.3. direcci\u00f3n de correo electr\u00f3nico (e-mail)<br\/>3.2.4. el lugar de residencia del usuario (si corresponde)<br\/>3.2.5. foto (si corresponde)<\/p>\n\n<p>3.3. datos que se transmiten autom\u00e1ticamente al visitar las p\u00e1ginas:<\/p>\n\n<ul><li>Direcci\u00f3n IP ;<\/li><li>informaci\u00f3n sobre cookies;<\/li><li>informaci\u00f3n del navegador<\/li><li>tiempo de acceso;<\/li><li>referente (direcci\u00f3n de la p\u00e1gina anterior).<\/li><\/ul>\n\n<p>3.3.1 Deshabilitar las cookies puede impedir el acceso a partes del sitio web que requieren autorizaci\u00f3n.<\/p>\n\n<p>3.3.2. El sitio web recopila estad\u00edsticas sobre las direcciones IP de sus visitantes. Esta informaci\u00f3n se utiliza para prevenir, detectar y solucionar problemas t\u00e9cnicos.<\/p>\n\n<p>.4 Cualquier otra informaci\u00f3n personal no estipulada anteriormente (historial de navegaci\u00f3n, navegadores utilizados, sistemas operativos, etc.) se almacenar\u00e1 de forma segura y no se divulgar\u00e1, excepto lo dispuesto en la cl\u00e1usula 5.2. 5.2. de esta pol\u00edtica de privacidad.<\/p>\n\n<ol start=\"4\"><li>Fines para los que se recopila la informaci\u00f3n personal de los usuarios<br\/>4.1 La Administraci\u00f3n podr\u00e1 utilizar los datos personales del Usuario para las finalidades de:<br\/>4.1.1 Identificaci\u00f3n del usuario registrado en el sitio de Machance Casino para su posterior autorizaci\u00f3n.<br\/>4.1.2. proporcionar al usuario acceso a datos personalizados en el sitio web de Machance Casino.<br\/>4.1.3. contactar al usuario para obtener comentarios, incluido el env\u00edo de avisos y solicitudes con respecto al uso del sitio web de Machance Casino, el manejo de las solicitudes y solicitudes de los usuarios.<br\/>4.1.4. determinar la ubicaci\u00f3n del usuario con fines de seguridad y prevenci\u00f3n del fraude.<br\/>4.1.5. confirmar la exactitud e integridad de la informaci\u00f3n personal proporcionada por el usuario.<br\/>4.1.6. la creaci\u00f3n de una cuenta para usar ciertas partes del sitio web de Machance Casino, si el usuario ha dado su consentimiento para la creaci\u00f3n de una cuenta.<br\/>4.1.7. informando al usuario por correo electr\u00f3nico.<br\/>4.1.8. proporcionar asistencia t\u00e9cnica efectiva al usuario cuando surjan problemas en el uso del sitio web de Machance Casino.<br\/>4.1.9. proporcionando ofertas especiales, boletines y otra informaci\u00f3n en nombre del sitio web de Machance Casino con el consentimiento del usuario.<\/li><li>M\u00e9todos y condiciones de procesamiento de informaci\u00f3n personal<br\/>5.1 El tratamiento de los datos personales del Usuario se realiza sin l\u00edmite de tiempo, por cualquier medio legal, incluidos los sistemas de informaci\u00f3n de datos personales con o sin medios de automatizaci\u00f3n.<\/li><\/ol>\n\n<p>5.2 Los datos personales del Usuario pueden transferirse a organismos estatales autorizados de la Federaci\u00f3n Rusa solo por los motivos y en la forma prescrita por la legislaci\u00f3n de la Federaci\u00f3n Rusa.<\/p>\n\n<p>5.3 En caso de p\u00e9rdida o divulgaci\u00f3n de datos personales, la Administraci\u00f3n tiene el derecho de no informar al Usuario sobre la p\u00e9rdida o divulgaci\u00f3n de datos personales.<\/p>\n\n<p>5.4 La Administraci\u00f3n tomar\u00e1 las medidas organizativas y t\u00e9cnicas necesarias para proteger la informaci\u00f3n personal del Usuario contra el acceso no autorizado o accidental, destrucci\u00f3n, modificaci\u00f3n, bloqueo, copia, difusi\u00f3n, as\u00ed como contra otras acciones indebidas de terceros.<\/p>\n\n<p>5.5. la Administraci\u00f3n, junto con el Usuario, toma todas las medidas necesarias para evitar p\u00e9rdidas u otras consecuencias negativas causadas por la p\u00e9rdida o divulgaci\u00f3n de la informaci\u00f3n personal del Usuario.<\/p>\n\n<h2>Derechos y obligaciones de las partes<\/h2>\n\n<p>El usuario tiene derecho a:<\/p>\n\n<p>6.1.1 Decidir libremente proporcionar sus datos personales necesarios para el uso del sitio web de Machance Casino y dar su consentimiento para su procesamiento.<\/p>\n\n<p>6.1.2. actualizar, completar, actualizar la informaci\u00f3n proporcionada sobre datos personales en caso de modificaci\u00f3n de esta informaci\u00f3n.<\/p>\n\n<p>6.1.3. el Usuario tiene derecho a recibir de la Administraci\u00f3n informaci\u00f3n sobre el procesamiento de sus datos personales, si este derecho no est\u00e1 limitado por las leyes federales. El usuario tiene derecho a exigir a la administraci\u00f3n que aclare sus datos personales, los bloquee o los destruya si est\u00e1n incompletos, desactualizados, inexactos, obtenidos de forma ilegal o si no son necesarios para la finalidad declarada del tratamiento, as\u00ed como a tomar las medidas legales para proteger sus derechos. Para ello, basta con informar a la administraci\u00f3n en la direcci\u00f3n de correo electr\u00f3nico indicada.<\/p>\n\n<h3>La administraci\u00f3n debe:<\/h3>\n\n<p>6.2.1 Utilizar la informaci\u00f3n recibida \u00fanicamente para los fines especificados en la Secci\u00f3n 4 de esta Pol\u00edtica de Privacidad.<\/p>\n\n<p>6.2.2. Mantener en secreto la informaci\u00f3n confidencial, no divulgarla sin el permiso previo por escrito del usuario, y no vender, intercambiar, publicar o divulgar de otro modo los datos personales transferidos del usuario, a excepci\u00f3n de los puntos 5.2. 5.2. de esta pol\u00edtica de privacidad.<\/p>\n\n<p>6.2.3 Tomar medidas precautorias para proteger la confidencialidad de los datos personales del Usuario, de acuerdo con el procedimiento generalmente utilizado para la protecci\u00f3n de esta informaci\u00f3n en el marco de la rotaci\u00f3n existente.<\/p>\n\n<p>6.2.4 Efectuar el bloqueo de los datos personales, relacionados con el respectivo Usuario, desde el momento de solicitud o requerimiento por parte del Usuario, o su representante legal, o el organismo autorizado en materia de protecci\u00f3n de derechos de los titulares de datos personales para el control plazo en caso de detecci\u00f3n de datos personales inexactos o actuaciones no autorizadas.<\/p>\n\n<h2>Responsabilidad de las partes<\/h2>\n\n<p>7.1. la Administraci\u00f3n, que no ha cumplido con sus obligaciones, es responsable de las p\u00e9rdidas sufridas por el Usuario en relaci\u00f3n con el uso indebido de datos personales de conformidad con las leyes de la Federaci\u00f3n Rusa, excepto lo dispuesto por los p\u00e1rrafos. 5.2 y 7.2 de esta pol\u00edtica de privacidad.<\/p>\n\n<p>7.2 En caso de p\u00e9rdida o revelaci\u00f3n de informaci\u00f3n confidencial, la Administraci\u00f3n no ser\u00e1 responsable si dicha informaci\u00f3n confidencial<br\/>7.2.1. era de dominio p\u00fablico antes de su p\u00e9rdida o divulgaci\u00f3n.<br\/>7.2.2. fue recibido de un tercero antes de que fuera recibido por la administraci\u00f3n del sitio web.<br\/>7.2.3 ha sido divulgada con el consentimiento del usuario.<\/p>\n\n<p>7.3 El usuario es el \u00fanico responsable del cumplimiento de las leyes de la Federaci\u00f3n Rusa, incluidas, entre otras, las leyes sobre publicidad, derechos de autor y derechos conexos, y protecci\u00f3n de marcas comerciales y servicios, incluida la responsabilidad total por el contenido y la forma de los documentos.<\/p>\n\n<p>7.4 El Usuario acepta que cualquier informaci\u00f3n (incluidos, entre otros: archivos de datos, texto, etc.) a la que el Usuario pueda tener acceso como parte del sitio web de Machance Casino es responsabilidad de la persona que proporcion\u00f3 esta informaci\u00f3n.<\/p>\n\n<p>7.5 El usuario acepta que la informaci\u00f3n puesta a su disposici\u00f3n en el marco del sitio web de Machance Casino puede ser un elemento de los derechos de propiedad intelectual reservados y en poder de otros usuarios, socios o anunciantes que publican esta informaci\u00f3n en el sitio web de Machance Casino.<br\/>El usuario no podr\u00e1 modificar, alquilar, arrendar, prestar, vender, distribuir o crear obras derivadas basadas en este contenido (en su totalidad o en parte), a menos que dicha actividad haya sido expresamente autorizada por escrito por los propietarios de ese contenido, en los t\u00e9rminos de un acuerdo separado.<\/p>\n\n<p>7.6 Los textos (art\u00edculos, publicaciones que est\u00e1n disponibles p\u00fablicamente en el sitio web de Machance Casino) pueden distribuirse siempre que vayan acompa\u00f1ados de un enlace al sitio web.<\/p>\n\n<p>7.7 La Administraci\u00f3n no ser\u00e1 responsable ante el Usuario por ninguna p\u00e9rdida o da\u00f1o sufrido por el Usuario como resultado de la eliminaci\u00f3n, falla o incapacidad para retener cualquier contenido u otros datos de la comunicaci\u00f3n contenida o transmitida por el sitio web de Machance Casino.<\/p>\n\n<p>7.8 La administraci\u00f3n no se hace responsable de ninguna p\u00e9rdida directa o indirecta que resulte de: el uso o la imposibilidad de usar el sitio o los servicios individuales; acceso no autorizado a las comunicaciones de los usuarios; declaraciones o conducta de cualquier tercero en el sitio.<\/p>\n\n<p>7.9 La Administraci\u00f3n no es responsable de ninguna informaci\u00f3n publicada en el sitio de Machance Casino por el Usuario, que incluye, entre otros: informaci\u00f3n protegida por derechos de autor, sin el consentimiento expreso del propietario de los derechos de autor.<\/p>\n\n<h2>Terminos adicionales<\/h2>\n\n<p>8.1 La administraci\u00f3n tiene derecho a realizar cambios en esta pol\u00edtica de privacidad sin el consentimiento del usuario.<\/p>\n\n<p>8.2 Una nueva Pol\u00edtica de privacidad entrar\u00e1 en vigencia tan pronto como se publique en el sitio web de Machance Casino, a menos que se indique lo contrario en la nueva Pol\u00edtica de privacidad.<\/p>\n\n<p>8.3 Cualquier sugerencia o pregunta con respecto a esta Pol\u00edtica de privacidad debe dirigirse a webmaster@chancmcasino.com.<\/p>\n","protected":false},"excerpt":{"rendered":"<p>Esta pol\u00edtica de privacidad (\u00abPol\u00edtica de privacidad\u00bb) se aplica a toda la informaci\u00f3n que Machance Casino , (\u00absitio web\u00bb), que se encuentra bajo el nombre de dominio chancmcasino.com (y sus subdominios), puede recopilar de su tema cuando utiliza chancmcasino.com sitio web (y sus subdominios), programas y productos. Definici\u00f3n de t\u00e9rminos 1.1 Los siguientes t\u00e9rminos se &hellip;<\/p>\n","protected":false},"author":1,"featured_media":0,"parent":0,"menu_order":0,"comment_status":"closed","ping_status":"closed","template":"","meta":[],"amp_enabled":true,"_links":{"self":[{"href":"https:\/\/chancmcasino.com\/es\/wp-json\/wp\/v2\/pages\/212"}],"collection":[{"href":"https:\/\/chancmcasino.com\/es\/wp-json\/wp\/v2\/pages"}],"about":[{"href":"https:\/\/chancmcasino.com\/es\/wp-json\/wp\/v2\/types\/page"}],"author":[{"embeddable":true,"href":"https:\/\/chancmcasino.com\/es\/wp-json\/wp\/v2\/users\/1"}],"replies":[{"embeddable":true,"href":"https:\/\/chancmcasino.com\/es\/wp-json\/wp\/v2\/comments?post=212"}],"version-history":[{"count":3,"href":"https:\/\/chancmcasino.com\/es\/wp-json\/wp\/v2\/pages\/212\/revisions"}],"predecessor-version":[{"id":215,"href":"https:\/\/chancmcasino.com\/es\/wp-json\/wp\/v2\/pages\/212\/revisions\/215"}],"wp:attachment":[{"href":"https:\/\/chancmcasino.com\/es\/wp-json\/wp\/v2\/media?parent=212"}],"curies":[{"name":"wp","href":"https:\/\/api.w.org\/{rel}","templated":true}]}}