{"id":237,"date":"2022-10-10T10:02:50","date_gmt":"2022-10-10T10:02:50","guid":{"rendered":"https:\/\/chancmcasino.com\/contactos-de-soporte\/"},"modified":"2022-10-10T10:20:50","modified_gmt":"2022-10-10T10:20:50","slug":"contactos-de-soporte","status":"publish","type":"page","link":"https:\/\/chancmcasino.com\/es\/contactos-de-soporte\/","title":{"rendered":"Contactos de soporte"},"content":{"rendered":"\n<p>Los operadores <a href=\"https:\/\/chancmcasino.com\/es\/\" data-type=\"page\" data-id=\"10\">de Machance Casino<\/a> responder\u00e1n a su pregunta e intentar\u00e1n hacerlo lo antes posible. La empresa trabaja para usted las 24 horas del d\u00eda, los 7 d\u00edas de la semana<\/p>\n\n<p>El sitio tiene una secci\u00f3n con preguntas frecuentes. Cons\u00faltalo, es posible que ya tengas tu respuesta.<\/p>\n\n<blockquote class=\"wp-block-quote\"><p>El chat en vivo est\u00e1 disponible en el sitio web oficial para jugadores registrados.<\/p><\/blockquote>\n<div class=\"wp-block-image\">\n<figure class=\"aligncenter size-full\"><img loading=\"lazy\" width=\"894\" height=\"510\" src=\"http:\/\/chancmcasino.com\/wp-content\/uploads\/2022\/10\/machance-support-1.png\" alt=\"retroalimentaci&#xF3;n\" class=\"wp-image-251\" srcset=\"https:\/\/chancmcasino.com\/wp-content\/uploads\/2022\/10\/machance-support-1.png 894w, https:\/\/chancmcasino.com\/wp-content\/uploads\/2022\/10\/machance-support-1-300x171.png 300w, https:\/\/chancmcasino.com\/wp-content\/uploads\/2022\/10\/machance-support-1-768x438.png 768w\" sizes=\"(max-width: 894px) 100vw, 894px\" \/><figcaption>Asistencia t\u00e9cnica de My Chance<\/figcaption><\/figure><\/div>\n<h2>Correo electr\u00f3nico<\/h2>\n\n<p>Utilice este correo electr\u00f3nico para enviar sus consultas, quejas y sugerencias.<\/p>\n\n<blockquote class=\"wp-block-quote\"><p><strong>feedback@machance.com.<\/strong><\/p><\/blockquote>\n\n<h2>Tel\u00e9fono<\/h2>\n\n<blockquote class=\"wp-block-quote\"><p>+33977559599<\/p><\/blockquote>\n\n<p><\/p>\n","protected":false},"excerpt":{"rendered":"<p>Los operadores de Machance Casino responder\u00e1n a su pregunta e intentar\u00e1n hacerlo lo antes posible. La empresa trabaja para usted las 24 horas del d\u00eda, los 7 d\u00edas de la semana El sitio tiene una secci\u00f3n con preguntas frecuentes. Cons\u00faltalo, es posible que ya tengas tu respuesta. El chat en vivo est\u00e1 disponible en el &hellip;<\/p>\n","protected":false},"author":1,"featured_media":0,"parent":0,"menu_order":0,"comment_status":"closed","ping_status":"closed","template":"","meta":[],"amp_enabled":true,"_links":{"self":[{"href":"https:\/\/chancmcasino.com\/es\/wp-json\/wp\/v2\/pages\/237"}],"collection":[{"href":"https:\/\/chancmcasino.com\/es\/wp-json\/wp\/v2\/pages"}],"about":[{"href":"https:\/\/chancmcasino.com\/es\/wp-json\/wp\/v2\/types\/page"}],"author":[{"embeddable":true,"href":"https:\/\/chancmcasino.com\/es\/wp-json\/wp\/v2\/users\/1"}],"replies":[{"embeddable":true,"href":"https:\/\/chancmcasino.com\/es\/wp-json\/wp\/v2\/comments?post=237"}],"version-history":[{"count":11,"href":"https:\/\/chancmcasino.com\/es\/wp-json\/wp\/v2\/pages\/237\/revisions"}],"predecessor-version":[{"id":267,"href":"https:\/\/chancmcasino.com\/es\/wp-json\/wp\/v2\/pages\/237\/revisions\/267"}],"wp:attachment":[{"href":"https:\/\/chancmcasino.com\/es\/wp-json\/wp\/v2\/media?parent=237"}],"curies":[{"name":"wp","href":"https:\/\/api.w.org\/{rel}","templated":true}]}}