{"id":231,"date":"2022-10-10T09:56:28","date_gmt":"2022-10-10T09:56:28","guid":{"rendered":"https:\/\/chancmcasino.com\/gioca-in-modo-responsabile\/"},"modified":"2022-10-10T09:56:37","modified_gmt":"2022-10-10T09:56:37","slug":"gioca-in-modo-responsabile","status":"publish","type":"page","link":"https:\/\/chancmcasino.com\/it\/gioca-in-modo-responsabile\/","title":{"rendered":"Gioca in modo responsabile"},"content":{"rendered":"\n<p>Il gioco responsabile \u00e8 un principio per tutti i casin\u00f2 legali. Aiuta i giocatori a giocare in sicurezza. <a href=\"https:\/\/chancmcasino.com\/it\/\" data-type=\"page\" data-id=\"10\">MaChance Casino<\/a> chiede un gioco responsabile.<\/p>\n\n<blockquote class=\"wp-block-quote\"><p>I minori di 18 anni non possono giocare al casin\u00f2. \u00c8 la legge.<\/p><\/blockquote>\n\n<h2>Cos&#8217;\u00e8 la dipendenza dal gioco?<\/h2>\n\n<p>Se una persona non riesce a smettere di giocare da sola, probabilmente \u00e8 dipendente. \u00c8 un disturbo mentale che richiede un trattamento. Si prega di consultare uno specialista in merito.<\/p>\n\n<p>Segni di dipendenza:<\/p>\n\n<ul><li>giochi troppo<\/li><li>non puoi smettere di scommettere<\/li><li>hai perso tutti i tuoi soldi cercando di vincere<\/li><li>hai crediti e debiti per giocare<\/li><li>non socializzi molto con i tuoi amici e la tua famiglia<\/li><li>hai problemi al lavoro o a scuola<\/li><li>non dormi bene a causa del gioco d&#8217;azzardo.<\/li><\/ul>\n\n<blockquote class=\"wp-block-quote\"><p>Il gioco d&#8217;azzardo (poker, roulette, slot machine) pu\u00f2 assumere forme gravi e malsane.<\/p><\/blockquote>\n\n<h2>Cosa fare se ti viene diagnosticata la dipendenza dal gioco?<\/h2>\n\n<p>Ci sono diverse possibilit\u00e0:<\/p>\n\n<ul><li>Consultare uno specialista per la diagnosi e il trattamento.<\/li><li>Prova a smettere di giocare da solo. Ad esempio, puoi bloccare il tuo account del casin\u00f2 o eliminarlo.<\/li><li>Usa software di blocco come GamBan, GamBlock, BetFILter, BetBlocker e NetNanny.<\/li><\/ul>\n","protected":false},"excerpt":{"rendered":"<p>Il gioco responsabile \u00e8 un principio per tutti i casin\u00f2 legali. Aiuta i giocatori a giocare in sicurezza. MaChance Casino chiede un gioco responsabile. I minori di 18 anni non possono giocare al casin\u00f2. \u00c8 la legge. Cos&#8217;\u00e8 la dipendenza dal gioco? Se una persona non riesce a smettere di giocare da sola, probabilmente \u00e8 &hellip;<\/p>\n","protected":false},"author":1,"featured_media":0,"parent":0,"menu_order":0,"comment_status":"closed","ping_status":"closed","template":"","meta":[],"amp_enabled":true,"_links":{"self":[{"href":"https:\/\/chancmcasino.com\/it\/wp-json\/wp\/v2\/pages\/231"}],"collection":[{"href":"https:\/\/chancmcasino.com\/it\/wp-json\/wp\/v2\/pages"}],"about":[{"href":"https:\/\/chancmcasino.com\/it\/wp-json\/wp\/v2\/types\/page"}],"author":[{"embeddable":true,"href":"https:\/\/chancmcasino.com\/it\/wp-json\/wp\/v2\/users\/1"}],"replies":[{"embeddable":true,"href":"https:\/\/chancmcasino.com\/it\/wp-json\/wp\/v2\/comments?post=231"}],"version-history":[{"count":1,"href":"https:\/\/chancmcasino.com\/it\/wp-json\/wp\/v2\/pages\/231\/revisions"}],"predecessor-version":[{"id":233,"href":"https:\/\/chancmcasino.com\/it\/wp-json\/wp\/v2\/pages\/231\/revisions\/233"}],"wp:attachment":[{"href":"https:\/\/chancmcasino.com\/it\/wp-json\/wp\/v2\/media?parent=231"}],"curies":[{"name":"wp","href":"https:\/\/api.w.org\/{rel}","templated":true}]}}